{"id":6498,"date":"2022-01-17T13:46:10","date_gmt":"2022-01-17T12:46:10","guid":{"rendered":"https:\/\/www.camping-lescadenieres-var.com\/?page_id=6498"},"modified":"2022-01-17T13:46:12","modified_gmt":"2022-01-17T12:46:12","slug":"informations-sejour","status":"publish","type":"page","link":"https:\/\/www.camping-lescadenieres-var.com\/nl\/informations-sejour\/","title":{"rendered":"Informations s\u00e9jour"},"content":{"rendered":"<div class=\"wpb-content-wrapper\"><p>[vc_row row_content_width=&#8221;grid&#8221; css=&#8221;.vc_custom_1619458706764{padding-top: 80px !important;padding-bottom: 60px !important;}&#8221;][vc_column width=&#8221;1\/3&#8243;]<div class=\"eltd-elements-holder   eltd-one-column  eltd-responsive-mode-768 \" ><div class=\"eltd-eh-item    \"  data-item-class=\"eltd-eh-custom-3225\" data-768-1024=\"0 14% 0 0\">\n\t<div class=\"eltd-eh-item-inner\">\n\t\t<div class=\"eltd-eh-item-content eltd-eh-custom-3225\" style=\"padding: 0 0 0 0\">\n\t\t\t[vc_column_text]<\/p>\n<h3 style=\"font-weight: bold;\">R\u00e9ception<br \/>\n&amp; Accueil<\/h3>\n<p>[\/vc_column_text]\t\t<\/div>\n\t<\/div>\n<\/div><\/div>[vc_empty_space height=&#8221;40px&#8221;][\/vc_column][vc_column width=&#8221;2\/3&#8243;]<div class=\"eltd-elements-holder   eltd-one-column  eltd-responsive-mode-768 \" ><div class=\"eltd-eh-item    \"  data-item-class=\"eltd-eh-custom-3213\" data-1024-1280=\"20px 30px 0 0px\">\n\t<div class=\"eltd-eh-item-inner\">\n\t\t<div class=\"eltd-eh-item-content eltd-eh-custom-3213\" style=\"padding: 31px 0 0 0\">\n\t\t\t[vc_column_text]<\/p>\n<ul>\n<li><strong>R\u00e9ception :<\/strong> ouverte d\u2019Avril \u00e0 Septembre de 9h \u00e0 12h et de 14h \u00e0 19h<\/li>\n<li><strong>Arriv\u00e9e des clients :<\/strong> le samedi et ou le dimanche apr\u00e8s 16h00<\/li>\n<li><strong>D\u00e9part des clients :<\/strong> avant 10h00 le samedi et ou le dimanche<\/li>\n<\/ul>\n<p>[\/vc_column_text]\t\t<\/div>\n\t<\/div>\n<\/div><\/div>[vc_empty_space height=&#8221;40px&#8221;][\/vc_column][\/vc_row][vc_row row_content_width=&#8221;grid&#8221; css=&#8221;.vc_custom_1619458706764{padding-top: 80px !important;padding-bottom: 60px !important;}&#8221;][vc_column width=&#8221;1\/3&#8243;]<div class=\"eltd-elements-holder   eltd-one-column  eltd-responsive-mode-768 \" ><div class=\"eltd-eh-item    \"  data-item-class=\"eltd-eh-custom-9547\" data-768-1024=\"0 14% 0 0\">\n\t<div class=\"eltd-eh-item-inner\">\n\t\t<div class=\"eltd-eh-item-content eltd-eh-custom-9547\" style=\"padding: 0 0 0 0\">\n\t\t\t[vc_column_text]<\/p>\n<h3 style=\"font-weight: bold;\">Services<br \/>\nde restauration<\/h3>\n<p>[\/vc_column_text]\t\t<\/div>\n\t<\/div>\n<\/div><\/div>[vc_empty_space height=&#8221;40px&#8221;][\/vc_column][vc_column width=&#8221;2\/3&#8243;]<div class=\"eltd-elements-holder   eltd-one-column  eltd-responsive-mode-768 \" ><div class=\"eltd-eh-item    \"  data-item-class=\"eltd-eh-custom-7971\" data-1024-1280=\"20px 30px 0 0px\">\n\t<div class=\"eltd-eh-item-inner\">\n\t\t<div class=\"eltd-eh-item-content eltd-eh-custom-7971\" style=\"padding: 31px 0 0 0\">\n\t\t\t[vc_column_text]<\/p>\n<ul>\n<li><strong>Bar :<\/strong> Ouvert de 8h \u00e0 00h<\/li>\n<li><strong>Restaurant :<\/strong> Services entre 12h00 et 14h00 et de 19h00 \u00e0 22h00<\/li>\n<li><strong>\u00c9picerie :<\/strong> Ouverte de 7h30 \u00e0 13h00 et de 15h30 \u00e0 20h00<\/li>\n<\/ul>\n<p>[\/vc_column_text]\t\t<\/div>\n\t<\/div>\n<\/div><\/div>[vc_empty_space height=&#8221;40px&#8221;][\/vc_column][\/vc_row][vc_row row_content_width=&#8221;grid&#8221; css=&#8221;.vc_custom_1619458706764{padding-top: 80px !important;padding-bottom: 60px !important;}&#8221;][vc_column width=&#8221;1\/3&#8243;]<div class=\"eltd-elements-holder   eltd-one-column  eltd-responsive-mode-768 \" ><div class=\"eltd-eh-item    \"  data-item-class=\"eltd-eh-custom-2168\" data-768-1024=\"0 14% 0 0\">\n\t<div class=\"eltd-eh-item-inner\">\n\t\t<div class=\"eltd-eh-item-content eltd-eh-custom-2168\" style=\"padding: 0 0 0 0\">\n\t\t\t[vc_column_text]<\/p>\n<h3 style=\"font-weight: bold;\">Pr\u00eat et location<br \/>\nde mat\u00e9riel<\/h3>\n<p>[\/vc_column_text]\t\t<\/div>\n\t<\/div>\n<\/div><\/div>[vc_empty_space height=&#8221;40px&#8221;][\/vc_column][vc_column width=&#8221;2\/3&#8243;]<div class=\"eltd-elements-holder   eltd-one-column  eltd-responsive-mode-768 \" ><div class=\"eltd-eh-item    \"  data-item-class=\"eltd-eh-custom-1277\" data-1024-1280=\"20px 30px 0 0px\">\n\t<div class=\"eltd-eh-item-inner\">\n\t\t<div class=\"eltd-eh-item-content eltd-eh-custom-1277\" style=\"padding: 31px 0 0 0\">\n\t\t\t[vc_column_text]<\/p>\n<ul>\n<li><strong>Pr\u00eat de Mat\u00e9riel :<\/strong> Une caution de 20 euros vous sera demand\u00e9 pour retirer le mat\u00e9riel \u00e0 l\u2019accueil (boules de p\u00e9tanque, raquettes de plage, ping-pong, \u00e9quipement mini-golf, ballons&#8230;)<\/li>\n<li><strong>Location de V\u00e9lo :<\/strong> r\u00e9servation \u00e0 l\u2019accueil pour une location \u00e0 la journ\u00e9e ou \u00e0 la \u00bd journ\u00e9e<\/li>\n<\/ul>\n<p>[\/vc_column_text]\t\t<\/div>\n\t<\/div>\n<\/div><\/div>[vc_empty_space height=&#8221;40px&#8221;][\/vc_column][\/vc_row][vc_row row_content_width=&#8221;grid&#8221; css=&#8221;.vc_custom_1619458706764{padding-top: 80px !important;padding-bottom: 60px !important;}&#8221;][vc_column width=&#8221;1\/3&#8243;]<div class=\"eltd-elements-holder   eltd-one-column  eltd-responsive-mode-768 \" ><div class=\"eltd-eh-item    \"  data-item-class=\"eltd-eh-custom-6552\" data-768-1024=\"0 14% 0 0\">\n\t<div class=\"eltd-eh-item-inner\">\n\t\t<div class=\"eltd-eh-item-content eltd-eh-custom-6552\" style=\"padding: 0 0 0 0\">\n\t\t\t[vc_column_text]<\/p>\n<h3 style=\"font-weight: bold;\">Animations Festives<br \/>\net sportives<\/h3>\n<p>[\/vc_column_text]\t\t<\/div>\n\t<\/div>\n<\/div><\/div>[vc_empty_space height=&#8221;40px&#8221;][\/vc_column][vc_column width=&#8221;2\/3&#8243;]<div class=\"eltd-elements-holder   eltd-one-column  eltd-responsive-mode-768 \" ><div class=\"eltd-eh-item    \"  data-item-class=\"eltd-eh-custom-2188\" data-1024-1280=\"20px 30px 0 0px\">\n\t<div class=\"eltd-eh-item-inner\">\n\t\t<div class=\"eltd-eh-item-content eltd-eh-custom-2188\" style=\"padding: 31px 0 0 0\">\n\t\t\t[vc_column_text]<\/p>\n<ul>\n<li><strong>Programmation Juillet-Ao\u00fbt :<\/strong> <a href=\"https:\/\/www.camping-lescadenieres-var.com\/wp-content\/uploads\/2021\/06\/Cad-calendrier-festif-soire\u0301es-2021-BIS.pdf\" target=\"_blank\" rel=\"noopener\">cliquez-ici<\/a> pour d\u00e9couvrir le programme<\/li>\n<\/ul>\n<p>[\/vc_column_text]\t\t<\/div>\n\t<\/div>\n<\/div><\/div>[vc_empty_space height=&#8221;40px&#8221;][\/vc_column][\/vc_row][vc_row row_content_width=&#8221;grid&#8221; css=&#8221;.vc_custom_1619458706764{padding-top: 80px !important;padding-bottom: 60px !important;}&#8221;][vc_column width=&#8221;1\/3&#8243;]<div class=\"eltd-elements-holder   eltd-one-column  eltd-responsive-mode-768 \" ><div class=\"eltd-eh-item    \"  data-item-class=\"eltd-eh-custom-4805\" data-768-1024=\"0 14% 0 0\">\n\t<div class=\"eltd-eh-item-inner\">\n\t\t<div class=\"eltd-eh-item-content eltd-eh-custom-4805\" style=\"padding: 0 0 0 0\">\n\t\t\t[vc_column_text]<\/p>\n<h3 style=\"font-weight: bold;\">\u00c0 d\u00e9couvrir<br \/>\nautour du camping<\/h3>\n<p>[\/vc_column_text]\t\t<\/div>\n\t<\/div>\n<\/div><\/div>[vc_empty_space height=&#8221;40px&#8221;][\/vc_column][vc_column width=&#8221;2\/3&#8243;]<div class=\"eltd-elements-holder   eltd-one-column  eltd-responsive-mode-768 \" ><div class=\"eltd-eh-item    \"  data-item-class=\"eltd-eh-custom-6773\" data-1024-1280=\"20px 30px 0 0px\">\n\t<div class=\"eltd-eh-item-inner\">\n\t\t<div class=\"eltd-eh-item-content eltd-eh-custom-6773\" style=\"padding: 31px 0 0 0\">\n\t\t\t[vc_column_text]<\/p>\n<ul>\n<li><strong>Nos suggestions de visites et activit\u00e9s aux alentours :<\/strong> <a href=\"https:\/\/www.camping-lescadenieres-var.com\/a-decouvrir\/\" target=\"_blank\" rel=\"noopener\">cliquez-ici<\/a><\/li>\n<\/ul>\n<p>[\/vc_column_text]\t\t<\/div>\n\t<\/div>\n<\/div><\/div>[vc_empty_space height=&#8221;40px&#8221;][\/vc_column][\/vc_row][vc_row row_content_width=&#8221;grid&#8221; css=&#8221;.vc_custom_1619458706764{padding-top: 80px !important;padding-bottom: 60px !important;}&#8221;][vc_column width=&#8221;1\/3&#8243;]<div class=\"eltd-elements-holder   eltd-one-column  eltd-responsive-mode-768 \" ><div class=\"eltd-eh-item    \"  data-item-class=\"eltd-eh-custom-9856\" data-768-1024=\"0 14% 0 0\">\n\t<div class=\"eltd-eh-item-inner\">\n\t\t<div class=\"eltd-eh-item-content eltd-eh-custom-9856\" style=\"padding: 0 0 0 0\">\n\t\t\t[vc_column_text]<\/p>\n<h3 style=\"font-weight: bold;\">Les r\u00e8glements<br \/>\ndu camping<\/h3>\n<p>[\/vc_column_text]\t\t<\/div>\n\t<\/div>\n<\/div><\/div>[vc_empty_space height=&#8221;40px&#8221;][\/vc_column][vc_column width=&#8221;2\/3&#8243;]<div class=\"eltd-elements-holder   eltd-one-column  eltd-responsive-mode-768 \" ><div class=\"eltd-eh-item    \"  data-item-class=\"eltd-eh-custom-9008\" data-1024-1280=\"20px 30px 0 0px\">\n\t<div class=\"eltd-eh-item-inner\">\n\t\t<div class=\"eltd-eh-item-content eltd-eh-custom-9008\" style=\"padding: 31px 0 0 0\">\n\t\t\t[vc_column_text]<\/p>\n<ul>\n<li><strong>Le r\u00e8glement int\u00e9rieur :<\/strong> <a href=\"https:\/\/www.camping-lescadenieres-var.com\/wp-content\/uploads\/2021\/06\/SITE-WEB-REGLT-INTERIEUR-DU-CAMPING-1.pdf\" target=\"_blank\" rel=\"noopener\">disponible-ici<\/a><\/li>\n<li><strong>Le r\u00e8glement du parc aquatique :<\/strong> <a href=\"https:\/\/www.camping-lescadenieres-var.com\/wp-content\/uploads\/2021\/06\/SITE-WEB-REGLT-PARC-AQUATIQUE-1.pdf\" target=\"_blank\" rel=\"noopener\">disponible-ici<\/a><\/li>\n<\/ul>\n<p>[\/vc_column_text]\t\t<\/div>\n\t<\/div>\n<\/div><\/div>[vc_empty_space height=&#8221;40px&#8221;][\/vc_column][\/vc_row][vc_row parallax_background_image=&#8221;5355&#8243;][vc_column]<div class=\"eltd-elements-holder   eltd-one-column  eltd-responsive-mode-768 \" ><div class=\"eltd-eh-item    \"  data-item-class=\"eltd-eh-custom-3337\" data-680-768=\"29% 0 29% 0\" data-680=\"30% 0 30% 0\">\n\t<div class=\"eltd-eh-item-inner\">\n\t\t<div class=\"eltd-eh-item-content eltd-eh-custom-3337\" style=\"padding: 18.2% 0 18.2% 0\">\n\t\t\t\t\t<\/div>\n\t<\/div>\n<\/div><\/div>[\/vc_column][\/vc_row]<\/p>\n<\/div>","protected":false},"excerpt":{"rendered":"<p>[vc_row row_content_width=&#8221;grid&#8221; css=&#8221;.vc_custom_1619458706764{padding-top: 80px !important;padding-bottom: 60px !important;}&#8221;][vc_column width=&#8221;1\/3&#8243;][vc_empty_space height=&#8221;40px&#8221;][\/vc_column][vc_column width=&#8221;2\/3&#8243;][vc_empty_space height=&#8221;40px&#8221;][\/vc_column][\/vc_row][vc_row row_content_width=&#8221;grid&#8221; css=&#8221;.vc_custom_1619458706764{padding-top: 80px !important;padding-bottom: 60px !important;}&#8221;][vc_column width=&#8221;1\/3&#8243;][vc_empty_space height=&#8221;40px&#8221;][\/vc_column][vc_column [&hellip;]<\/p>\n","protected":false},"author":1,"featured_media":0,"parent":0,"menu_order":0,"comment_status":"closed","ping_status":"closed","template":"full-width.php","meta":{"footnotes":""},"_links":{"self":[{"href":"https:\/\/www.camping-lescadenieres-var.com\/nl\/wp-json\/wp\/v2\/pages\/6498"}],"collection":[{"href":"https:\/\/www.camping-lescadenieres-var.com\/nl\/wp-json\/wp\/v2\/pages"}],"about":[{"href":"https:\/\/www.camping-lescadenieres-var.com\/nl\/wp-json\/wp\/v2\/types\/page"}],"author":[{"embeddable":true,"href":"https:\/\/www.camping-lescadenieres-var.com\/nl\/wp-json\/wp\/v2\/users\/1"}],"replies":[{"embeddable":true,"href":"https:\/\/www.camping-lescadenieres-var.com\/nl\/wp-json\/wp\/v2\/comments?post=6498"}],"version-history":[{"count":2,"href":"https:\/\/www.camping-lescadenieres-var.com\/nl\/wp-json\/wp\/v2\/pages\/6498\/revisions"}],"predecessor-version":[{"id":9259,"href":"https:\/\/www.camping-lescadenieres-var.com\/nl\/wp-json\/wp\/v2\/pages\/6498\/revisions\/9259"}],"wp:attachment":[{"href":"https:\/\/www.camping-lescadenieres-var.com\/nl\/wp-json\/wp\/v2\/media?parent=6498"}],"curies":[{"name":"wp","href":"https:\/\/api.w.org\/{rel}","templated":true}]}}